{"id":292,"date":"2020-04-09T14:25:37","date_gmt":"2020-04-09T11:25:37","guid":{"rendered":"https:\/\/lukumees.com\/?page_id=292"},"modified":"2026-04-07T15:48:25","modified_gmt":"2026-04-07T12:48:25","slug":"galeriid-tehtud-toodest","status":"publish","type":"page","link":"https:\/\/lukumees.com\/?page_id=292","title":{"rendered":"Galeriid tehtud t\u00f6\u00f6dest"},"content":{"rendered":"\n<div class=\"wp-block-image\"><figure class=\"alignleft size-large is-resized\"><a href=\"https:\/\/lukumees.com\/?page_id=252\"><img data-recalc-dims=\"1\" loading=\"lazy\" decoding=\"async\" src=\"https:\/\/i0.wp.com\/lukumees.com\/wp-content\/uploads\/\/2019\/04\/02122014410.jpg?resize=295%2C392&#038;ssl=1\" alt=\"\" class=\"wp-image-84\" width=\"295\" height=\"392\" srcset=\"https:\/\/i0.wp.com\/lukumees.com\/wp-content\/uploads\/\/2019\/04\/02122014410.jpg?resize=768%2C1024&amp;ssl=1 768w, https:\/\/i0.wp.com\/lukumees.com\/wp-content\/uploads\/\/2019\/04\/02122014410.jpg?resize=225%2C300&amp;ssl=1 225w, https:\/\/i0.wp.com\/lukumees.com\/wp-content\/uploads\/\/2019\/04\/02122014410.jpg?w=1536&amp;ssl=1 1536w\" sizes=\"auto, (max-width: 295px) 100vw, 295px\" \/><\/a><figcaption><a href=\"https:\/\/lukumees.com\/?page_id=252\"><strong>LUKUD<\/strong><\/a><\/figcaption><\/figure><\/div>\n\n\n\n<div class=\"wp-block-image\"><figure class=\"alignright size-large is-resized\"><a href=\"https:\/\/lukumees.com\/?page_id=254\"><img data-recalc-dims=\"1\" loading=\"lazy\" decoding=\"async\" src=\"https:\/\/i0.wp.com\/lukumees.com\/wp-content\/uploads\/\/2020\/04\/20161014_141831.jpg?resize=221%2C392&#038;ssl=1\" alt=\"\" class=\"wp-image-250\" width=\"221\" height=\"392\" srcset=\"https:\/\/i0.wp.com\/lukumees.com\/wp-content\/uploads\/\/2020\/04\/20161014_141831-scaled.jpg?resize=576%2C1024&amp;ssl=1 576w, https:\/\/i0.wp.com\/lukumees.com\/wp-content\/uploads\/\/2020\/04\/20161014_141831-scaled.jpg?resize=169%2C300&amp;ssl=1 169w, https:\/\/i0.wp.com\/lukumees.com\/wp-content\/uploads\/\/2020\/04\/20161014_141831-scaled.jpg?resize=768%2C1365&amp;ssl=1 768w, https:\/\/i0.wp.com\/lukumees.com\/wp-content\/uploads\/\/2020\/04\/20161014_141831-scaled.jpg?resize=864%2C1536&amp;ssl=1 864w, https:\/\/i0.wp.com\/lukumees.com\/wp-content\/uploads\/\/2020\/04\/20161014_141831-scaled.jpg?resize=1152%2C2048&amp;ssl=1 1152w, https:\/\/i0.wp.com\/lukumees.com\/wp-content\/uploads\/\/2020\/04\/20161014_141831-scaled.jpg?w=1440&amp;ssl=1 1440w\" sizes=\"auto, (max-width: 221px) 100vw, 221px\" \/><\/a><figcaption><a href=\"https:\/\/lukumees.com\/?page_id=254\"><strong>TURVAPLAADID<\/strong><\/a><\/figcaption><\/figure><\/div>\n\n\n\n<div class=\"wp-block-image\"><figure class=\"alignleft size-large is-resized\"><img data-recalc-dims=\"1\" loading=\"lazy\" decoding=\"async\" src=\"https:\/\/i0.wp.com\/lukumees.com\/wp-content\/uploads\/\/2020\/04\/Foto0128.jpg?resize=294%2C393&#038;ssl=1\" alt=\"\" class=\"wp-image-297\" width=\"294\" height=\"393\" srcset=\"https:\/\/i0.wp.com\/lukumees.com\/wp-content\/uploads\/\/2020\/04\/Foto0128-scaled.jpg?resize=768%2C1024&amp;ssl=1 768w, https:\/\/i0.wp.com\/lukumees.com\/wp-content\/uploads\/\/2020\/04\/Foto0128-scaled.jpg?resize=225%2C300&amp;ssl=1 225w, https:\/\/i0.wp.com\/lukumees.com\/wp-content\/uploads\/\/2020\/04\/Foto0128-scaled.jpg?resize=1152%2C1536&amp;ssl=1 1152w, https:\/\/i0.wp.com\/lukumees.com\/wp-content\/uploads\/\/2020\/04\/Foto0128-scaled.jpg?resize=1536%2C2048&amp;ssl=1 1536w, https:\/\/i0.wp.com\/lukumees.com\/wp-content\/uploads\/\/2020\/04\/Foto0128-scaled.jpg?w=1920&amp;ssl=1 1920w\" sizes=\"auto, (max-width: 294px) 100vw, 294px\" \/><figcaption>Fonos\u00fcsteem Kehtnas<\/figcaption><\/figure><\/div>\n\n\n\n<div class=\"wp-block-image\"><figure class=\"alignright size-medium is-resized\"><img data-recalc-dims=\"1\" loading=\"lazy\" decoding=\"async\" src=\"https:\/\/i0.wp.com\/lukumees.com\/wp-content\/uploads\/\/2020\/04\/11052015497.jpg?resize=222%2C296&#038;ssl=1\" alt=\"\" class=\"wp-image-274\" width=\"222\" height=\"296\" srcset=\"https:\/\/i0.wp.com\/lukumees.com\/wp-content\/uploads\/\/2020\/04\/11052015497.jpg?resize=225%2C300&amp;ssl=1 225w, https:\/\/i0.wp.com\/lukumees.com\/wp-content\/uploads\/\/2020\/04\/11052015497.jpg?resize=768%2C1024&amp;ssl=1 768w, https:\/\/i0.wp.com\/lukumees.com\/wp-content\/uploads\/\/2020\/04\/11052015497.jpg?resize=1152%2C1536&amp;ssl=1 1152w, https:\/\/i0.wp.com\/lukumees.com\/wp-content\/uploads\/\/2020\/04\/11052015497.jpg?w=1536&amp;ssl=1 1536w\" sizes=\"auto, (max-width: 222px) 100vw, 222px\" \/><figcaption>L\u00e4bip\u00e4\u00e4sus\u00fcsteem Matrix Raplas korterelamu v\u00e4lisustel<\/figcaption><\/figure><\/div>\n","protected":false},"excerpt":{"rendered":"","protected":false},"author":1,"featured_media":0,"parent":0,"menu_order":0,"comment_status":"closed","ping_status":"closed","template":"","meta":{"_monsterinsights_skip_tracking":false,"_monsterinsights_sitenote_active":false,"_monsterinsights_sitenote_note":"","_monsterinsights_sitenote_category":0,"footnotes":""},"class_list":["post-292","page","type-page","status-publish","hentry"],"yoast_head":"<!-- This site is optimized with the Yoast SEO plugin v27.5 - https:\/\/yoast.com\/product\/yoast-seo-wordpress\/ -->\n<title>Galeriid tehtud t\u00f6\u00f6dest \u2013 Lukud ja turvaplaadid O\u00dc<\/title>\n<meta name=\"description\" content=\"Siit leiate fotogaleriid Teie Lukumees O\u00dc teostatud lukustus- ja turvaplaatide paigaldust\u00f6\u00f6dest Raplamaal ning Harjumaal.\" \/>\n<meta name=\"robots\" content=\"index, follow, max-snippet:-1, max-image-preview:large, max-video-preview:-1\" \/>\n<link rel=\"canonical\" href=\"https:\/\/lukumees.com\/?page_id=292\" \/>\n<meta property=\"og:locale\" content=\"et_EE\" \/>\n<meta property=\"og:type\" content=\"article\" \/>\n<meta property=\"og:title\" content=\"Galeriid tehtud t\u00f6\u00f6dest \u2013 Lukud ja turvaplaadid O\u00dc\" \/>\n<meta property=\"og:description\" content=\"Siit leiate fotogaleriid Teie Lukumees O\u00dc teostatud lukustus- ja turvaplaatide paigaldust\u00f6\u00f6dest Raplamaal ning Harjumaal.\" \/>\n<meta property=\"og:url\" content=\"https:\/\/lukumees.com\/?page_id=292\" \/>\n<meta property=\"og:site_name\" content=\"Teie Lukumees- lukumees.com\" \/>\n<meta property=\"article:publisher\" content=\"https:\/\/www.facebook.com\/lukumees\/\" \/>\n<meta property=\"article:modified_time\" content=\"2026-04-07T12:48:25+00:00\" \/>\n<meta property=\"og:image\" content=\"https:\/\/lukumees.com\/wp-content\/uploads\/\/2019\/04\/02122014410-768x1024.jpg\" \/>\n<meta name=\"twitter:card\" content=\"summary_large_image\" \/>\n<meta name=\"twitter:label1\" content=\"Est. reading time\" \/>\n\t<meta name=\"twitter:data1\" content=\"1 minut\" \/>\n<script type=\"application\/ld+json\" class=\"yoast-schema-graph\">{\"@context\":\"https:\\\/\\\/schema.org\",\"@graph\":[{\"@type\":\"WebPage\",\"@id\":\"https:\\\/\\\/lukumees.com\\\/?page_id=292\",\"url\":\"https:\\\/\\\/lukumees.com\\\/?page_id=292\",\"name\":\"Galeriid tehtud t\u00f6\u00f6dest \u2013 Lukud ja turvaplaadid O\u00dc\",\"isPartOf\":{\"@id\":\"https:\\\/\\\/lukumees.com\\\/#website\"},\"primaryImageOfPage\":{\"@id\":\"https:\\\/\\\/lukumees.com\\\/?page_id=292#primaryimage\"},\"image\":{\"@id\":\"https:\\\/\\\/lukumees.com\\\/?page_id=292#primaryimage\"},\"thumbnailUrl\":\"https:\\\/\\\/lukumees.com\\\/wp-content\\\/uploads\\\/\\\/2019\\\/04\\\/02122014410-768x1024.jpg\",\"datePublished\":\"2020-04-09T11:25:37+00:00\",\"dateModified\":\"2026-04-07T12:48:25+00:00\",\"description\":\"Siit leiate fotogaleriid Teie Lukumees O\u00dc teostatud lukustus- ja turvaplaatide paigaldust\u00f6\u00f6dest Raplamaal ning Harjumaal.\",\"breadcrumb\":{\"@id\":\"https:\\\/\\\/lukumees.com\\\/?page_id=292#breadcrumb\"},\"inLanguage\":\"et\",\"potentialAction\":[{\"@type\":\"ReadAction\",\"target\":[\"https:\\\/\\\/lukumees.com\\\/?page_id=292\"]}]},{\"@type\":\"ImageObject\",\"inLanguage\":\"et\",\"@id\":\"https:\\\/\\\/lukumees.com\\\/?page_id=292#primaryimage\",\"url\":\"https:\\\/\\\/i0.wp.com\\\/lukumees.com\\\/wp-content\\\/uploads\\\/\\\/2019\\\/04\\\/02122014410.jpg?fit=1536%2C2048&ssl=1\",\"contentUrl\":\"https:\\\/\\\/i0.wp.com\\\/lukumees.com\\\/wp-content\\\/uploads\\\/\\\/2019\\\/04\\\/02122014410.jpg?fit=1536%2C2048&ssl=1\",\"width\":1536,\"height\":2048,\"caption\":\"Assa lukk\"},{\"@type\":\"BreadcrumbList\",\"@id\":\"https:\\\/\\\/lukumees.com\\\/?page_id=292#breadcrumb\",\"itemListElement\":[{\"@type\":\"ListItem\",\"position\":1,\"name\":\"Home\",\"item\":\"https:\\\/\\\/lukumees.com\\\/\"},{\"@type\":\"ListItem\",\"position\":2,\"name\":\"Galeriid tehtud t\u00f6\u00f6dest\"}]},{\"@type\":\"WebSite\",\"@id\":\"https:\\\/\\\/lukumees.com\\\/#website\",\"url\":\"https:\\\/\\\/lukumees.com\\\/\",\"name\":\"Teie Lukumees- lukumees.com\",\"description\":\"Lukut\u00f6\u00f6d ja lukuabi Raplas ja Tallinnas\",\"publisher\":{\"@id\":\"https:\\\/\\\/lukumees.com\\\/#organization\"},\"potentialAction\":[{\"@type\":\"SearchAction\",\"target\":{\"@type\":\"EntryPoint\",\"urlTemplate\":\"https:\\\/\\\/lukumees.com\\\/?s={search_term_string}\"},\"query-input\":{\"@type\":\"PropertyValueSpecification\",\"valueRequired\":true,\"valueName\":\"search_term_string\"}}],\"inLanguage\":\"et\"},{\"@type\":\"Organization\",\"@id\":\"https:\\\/\\\/lukumees.com\\\/#organization\",\"name\":\"Teie Lukumees- lukumees.com\",\"url\":\"https:\\\/\\\/lukumees.com\\\/\",\"logo\":{\"@type\":\"ImageObject\",\"inLanguage\":\"et\",\"@id\":\"https:\\\/\\\/lukumees.com\\\/#\\\/schema\\\/logo\\\/image\\\/\",\"url\":\"https:\\\/\\\/i0.wp.com\\\/lukumees.com\\\/wp-content\\\/uploads\\\/\\\/2019\\\/04\\\/cropped-Logo_lisatekstiga-1.jpg?fit=436%2C188&ssl=1\",\"contentUrl\":\"https:\\\/\\\/i0.wp.com\\\/lukumees.com\\\/wp-content\\\/uploads\\\/\\\/2019\\\/04\\\/cropped-Logo_lisatekstiga-1.jpg?fit=436%2C188&ssl=1\",\"width\":436,\"height\":188,\"caption\":\"Teie Lukumees- lukumees.com\"},\"image\":{\"@id\":\"https:\\\/\\\/lukumees.com\\\/#\\\/schema\\\/logo\\\/image\\\/\"},\"sameAs\":[\"https:\\\/\\\/www.facebook.com\\\/lukumees\\\/\"]}]}<\/script>\n<!-- \/ Yoast SEO plugin. -->","yoast_head_json":{"title":"Galeriid tehtud t\u00f6\u00f6dest \u2013 Lukud ja turvaplaadid O\u00dc","description":"Siit leiate fotogaleriid Teie Lukumees O\u00dc teostatud lukustus- ja turvaplaatide paigaldust\u00f6\u00f6dest Raplamaal ning Harjumaal.","robots":{"index":"index","follow":"follow","max-snippet":"max-snippet:-1","max-image-preview":"max-image-preview:large","max-video-preview":"max-video-preview:-1"},"canonical":"https:\/\/lukumees.com\/?page_id=292","og_locale":"et_EE","og_type":"article","og_title":"Galeriid tehtud t\u00f6\u00f6dest \u2013 Lukud ja turvaplaadid O\u00dc","og_description":"Siit leiate fotogaleriid Teie Lukumees O\u00dc teostatud lukustus- ja turvaplaatide paigaldust\u00f6\u00f6dest Raplamaal ning Harjumaal.","og_url":"https:\/\/lukumees.com\/?page_id=292","og_site_name":"Teie Lukumees- lukumees.com","article_publisher":"https:\/\/www.facebook.com\/lukumees\/","article_modified_time":"2026-04-07T12:48:25+00:00","og_image":[{"url":"https:\/\/lukumees.com\/wp-content\/uploads\/\/2019\/04\/02122014410-768x1024.jpg","type":"","width":"","height":""}],"twitter_card":"summary_large_image","twitter_misc":{"Est. reading time":"1 minut"},"schema":{"@context":"https:\/\/schema.org","@graph":[{"@type":"WebPage","@id":"https:\/\/lukumees.com\/?page_id=292","url":"https:\/\/lukumees.com\/?page_id=292","name":"Galeriid tehtud t\u00f6\u00f6dest \u2013 Lukud ja turvaplaadid O\u00dc","isPartOf":{"@id":"https:\/\/lukumees.com\/#website"},"primaryImageOfPage":{"@id":"https:\/\/lukumees.com\/?page_id=292#primaryimage"},"image":{"@id":"https:\/\/lukumees.com\/?page_id=292#primaryimage"},"thumbnailUrl":"https:\/\/lukumees.com\/wp-content\/uploads\/\/2019\/04\/02122014410-768x1024.jpg","datePublished":"2020-04-09T11:25:37+00:00","dateModified":"2026-04-07T12:48:25+00:00","description":"Siit leiate fotogaleriid Teie Lukumees O\u00dc teostatud lukustus- ja turvaplaatide paigaldust\u00f6\u00f6dest Raplamaal ning Harjumaal.","breadcrumb":{"@id":"https:\/\/lukumees.com\/?page_id=292#breadcrumb"},"inLanguage":"et","potentialAction":[{"@type":"ReadAction","target":["https:\/\/lukumees.com\/?page_id=292"]}]},{"@type":"ImageObject","inLanguage":"et","@id":"https:\/\/lukumees.com\/?page_id=292#primaryimage","url":"https:\/\/i0.wp.com\/lukumees.com\/wp-content\/uploads\/\/2019\/04\/02122014410.jpg?fit=1536%2C2048&ssl=1","contentUrl":"https:\/\/i0.wp.com\/lukumees.com\/wp-content\/uploads\/\/2019\/04\/02122014410.jpg?fit=1536%2C2048&ssl=1","width":1536,"height":2048,"caption":"Assa lukk"},{"@type":"BreadcrumbList","@id":"https:\/\/lukumees.com\/?page_id=292#breadcrumb","itemListElement":[{"@type":"ListItem","position":1,"name":"Home","item":"https:\/\/lukumees.com\/"},{"@type":"ListItem","position":2,"name":"Galeriid tehtud t\u00f6\u00f6dest"}]},{"@type":"WebSite","@id":"https:\/\/lukumees.com\/#website","url":"https:\/\/lukumees.com\/","name":"Teie Lukumees- lukumees.com","description":"Lukut\u00f6\u00f6d ja lukuabi Raplas ja Tallinnas","publisher":{"@id":"https:\/\/lukumees.com\/#organization"},"potentialAction":[{"@type":"SearchAction","target":{"@type":"EntryPoint","urlTemplate":"https:\/\/lukumees.com\/?s={search_term_string}"},"query-input":{"@type":"PropertyValueSpecification","valueRequired":true,"valueName":"search_term_string"}}],"inLanguage":"et"},{"@type":"Organization","@id":"https:\/\/lukumees.com\/#organization","name":"Teie Lukumees- lukumees.com","url":"https:\/\/lukumees.com\/","logo":{"@type":"ImageObject","inLanguage":"et","@id":"https:\/\/lukumees.com\/#\/schema\/logo\/image\/","url":"https:\/\/i0.wp.com\/lukumees.com\/wp-content\/uploads\/\/2019\/04\/cropped-Logo_lisatekstiga-1.jpg?fit=436%2C188&ssl=1","contentUrl":"https:\/\/i0.wp.com\/lukumees.com\/wp-content\/uploads\/\/2019\/04\/cropped-Logo_lisatekstiga-1.jpg?fit=436%2C188&ssl=1","width":436,"height":188,"caption":"Teie Lukumees- lukumees.com"},"image":{"@id":"https:\/\/lukumees.com\/#\/schema\/logo\/image\/"},"sameAs":["https:\/\/www.facebook.com\/lukumees\/"]}]}},"jetpack_sharing_enabled":true,"_links":{"self":[{"href":"https:\/\/lukumees.com\/index.php?rest_route=\/wp\/v2\/pages\/292","targetHints":{"allow":["GET"]}}],"collection":[{"href":"https:\/\/lukumees.com\/index.php?rest_route=\/wp\/v2\/pages"}],"about":[{"href":"https:\/\/lukumees.com\/index.php?rest_route=\/wp\/v2\/types\/page"}],"author":[{"embeddable":true,"href":"https:\/\/lukumees.com\/index.php?rest_route=\/wp\/v2\/users\/1"}],"replies":[{"embeddable":true,"href":"https:\/\/lukumees.com\/index.php?rest_route=%2Fwp%2Fv2%2Fcomments&post=292"}],"version-history":[{"count":13,"href":"https:\/\/lukumees.com\/index.php?rest_route=\/wp\/v2\/pages\/292\/revisions"}],"predecessor-version":[{"id":309,"href":"https:\/\/lukumees.com\/index.php?rest_route=\/wp\/v2\/pages\/292\/revisions\/309"}],"wp:attachment":[{"href":"https:\/\/lukumees.com\/index.php?rest_route=%2Fwp%2Fv2%2Fmedia&parent=292"}],"curies":[{"name":"wp","href":"https:\/\/api.w.org\/{rel}","templated":true}]}}