{"id":2,"date":"2019-05-03T21:36:23","date_gmt":"2019-05-03T18:36:23","guid":{"rendered":"http:\/\/foorum.lukumees.com\/?page_id=2"},"modified":"2026-05-08T15:32:08","modified_gmt":"2026-05-08T12:32:08","slug":"about","status":"publish","type":"page","link":"https:\/\/lukumees.com\/?page_id=2","title":{"rendered":"Ettev\u00f5ttest."},"content":{"rendered":"<p>Tere.<\/p>\n<p>Minu nimi on Jaanus Neemsalu ehk &#8220;Lukumees Jaanus&#8221;. Ukselukkudega olen tegelenud juba \u00fcle kolmek\u00fcmne aasta- alates aastast 1995. Alates 2003 aastast alustasin lukundusega tegelemist iseseisva ettev\u00f5ttena. Alustasin, nagu paljud sellel ajal FIE- na. Minu \u00e4rinimi oli siis FIE Lukumees Jaanus Neemsalu.<\/p>\n<p>\u00a0Olen Teie Lukumees O\u00dc juhatuse liige ja juhataja. V\u00e4ikefirma omanikuna teen ka paljud lukut\u00f6\u00f6d endiselt ise. Mulle meeldib minu t\u00f6\u00f6, mis suures osas on inimeste aitamine nende turvalisuse teemade lahendamisel ja parandamisel.<\/p>\n<p><span class=\"fontstyle0\">KALLID S\u00d5BRAD JA TEEKAASLASED!<br \/>TEIE LUKUMEES O\u00dc SAMMUB EDUKALT EDASI TEEL LUKUSTUSMAAILMA SALADUSTE RAJAL.<br \/><\/span><\/p>\n<p><span class=\"fontstyle0\">Teie Lukumees- Jaanus Neemsalu \ud83d\ude42<\/span><\/p>\n\n<div class=\"wp-block-image is-resized\">\n<figure class=\"aligncenter size-full\"><a href=\"https:\/\/i0.wp.com\/lukumees.com\/wp-content\/uploads\/\/2026\/05\/G_profiil.jpg?ssl=1\"><img data-recalc-dims=\"1\" loading=\"lazy\" decoding=\"async\" width=\"288\" height=\"288\" src=\"https:\/\/i0.wp.com\/lukumees.com\/wp-content\/uploads\/\/2026\/05\/G_profiil.jpg?resize=288%2C288&#038;ssl=1\" alt=\"\" class=\"wp-image-377\" style=\"width:208px;height:auto\" srcset=\"https:\/\/i0.wp.com\/lukumees.com\/wp-content\/uploads\/\/2026\/05\/G_profiil.jpg?w=288&amp;ssl=1 288w, https:\/\/i0.wp.com\/lukumees.com\/wp-content\/uploads\/\/2026\/05\/G_profiil.jpg?resize=150%2C150&amp;ssl=1 150w\" sizes=\"auto, (max-width: 288px) 100vw, 288px\" \/><\/a><\/figure>\n<\/div>\n\n\n<p class=\"has-text-align-center\">Juriidiline teave:<\/p>\n\n\n\n<p class=\"has-text-align-center\"><strong>Teie Lukumees O\u00dc<\/strong><br \/>79514 Rapla, Eesti<br \/>Reg. nr: 14591140<br \/>KMKR nr: EE102108567<\/p>\n\n\n\n<p class=\"has-text-align-center\">tel. <strong>+<\/strong>372 50 33 731, e-post jaanus(at)lukumees.com<\/p>\n\n\n\n<p class=\"has-text-align-center\">FB \/ Messenger- <a href=\"https:\/\/www.facebook.com\/lukumees\/\" target=\"_blank\" rel=\"noreferrer noopener\">Lukumees.com<\/a> v\u00f5i Instagram- <a href=\"http:\/\/instagram.com\/lukumees\/\" data-type=\"link\" data-id=\"instagram.com\/lukumees\/\">instagram.com\/lukumees\/<\/a><\/p>\n\n\n\n<p class=\"has-text-align-center\"><\/p>\n\n\n\n<p><\/p>\n\n\n\n<p><\/p>\n","protected":false},"excerpt":{"rendered":"<p>Tere. Minu nimi on Jaanus Neemsalu ehk &#8220;Lukumees Jaanus&#8221;. Ukselukkudega olen tegelenud juba \u00fcle kolmek\u00fcmne aasta- alates aastast 1995. Alates 2003 aastast alustasin lukundusega tegelemist iseseisva ettev\u00f5ttena. Alustasin, nagu paljud sellel ajal FIE- na. Minu \u00e4rinimi oli siis FIE Lukumees Jaanus Neemsalu. \u00a0Olen Teie Lukumees O\u00dc juhatuse liige ja juhataja. V\u00e4ikefirma omanikuna teen ka paljud [&hellip;]<\/p>\n","protected":false},"author":1,"featured_media":0,"parent":0,"menu_order":0,"comment_status":"closed","ping_status":"open","template":"","meta":{"_monsterinsights_skip_tracking":false,"_monsterinsights_sitenote_active":false,"_monsterinsights_sitenote_note":"","_monsterinsights_sitenote_category":0,"footnotes":""},"class_list":["post-2","page","type-page","status-publish","hentry"],"yoast_head":"<!-- This site is optimized with the Yoast SEO plugin v27.5 - https:\/\/yoast.com\/product\/yoast-seo-wordpress\/ -->\n<title>Ettev\u00f5ttest \u2013 Teie Lukumees O\u00dc lukuteenused Raplas<\/title>\n<meta name=\"description\" content=\"Tutvuge Teie Lukumees O\u00dc-ga: \u00fcle 30-aastase kogemusega lukuettev\u00f5te Raplas, mida juhib Jaanus Neemsalu alates aastast 1995.\" \/>\n<meta name=\"robots\" content=\"index, follow, max-snippet:-1, max-image-preview:large, max-video-preview:-1\" \/>\n<link rel=\"canonical\" href=\"https:\/\/lukumees.com\/?page_id=2\" \/>\n<meta property=\"og:locale\" content=\"et_EE\" \/>\n<meta property=\"og:type\" content=\"article\" \/>\n<meta property=\"og:title\" content=\"Ettev\u00f5ttest \u2013 Teie Lukumees O\u00dc lukuteenused Raplas\" \/>\n<meta property=\"og:description\" content=\"Tutvuge Teie Lukumees O\u00dc-ga: \u00fcle 30-aastase kogemusega lukuettev\u00f5te Raplas, mida juhib Jaanus Neemsalu alates aastast 1995.\" \/>\n<meta property=\"og:url\" content=\"https:\/\/lukumees.com\/?page_id=2\" \/>\n<meta property=\"og:site_name\" content=\"Teie Lukumees- lukumees.com\" \/>\n<meta property=\"article:publisher\" content=\"https:\/\/www.facebook.com\/lukumees\/\" \/>\n<meta property=\"article:modified_time\" content=\"2026-05-08T12:32:08+00:00\" \/>\n<meta property=\"og:image\" content=\"https:\/\/lukumees.com\/wp-content\/uploads\/\/2026\/05\/G_profiil.jpg\" \/>\n<meta name=\"twitter:card\" content=\"summary_large_image\" \/>\n<meta name=\"twitter:label1\" content=\"Est. reading time\" \/>\n\t<meta name=\"twitter:data1\" content=\"1 minut\" \/>\n<script type=\"application\/ld+json\" class=\"yoast-schema-graph\">{\"@context\":\"https:\\\/\\\/schema.org\",\"@graph\":[{\"@type\":\"WebPage\",\"@id\":\"https:\\\/\\\/lukumees.com\\\/?page_id=2\",\"url\":\"https:\\\/\\\/lukumees.com\\\/?page_id=2\",\"name\":\"Ettev\u00f5ttest \u2013 Teie Lukumees O\u00dc lukuteenused Raplas\",\"isPartOf\":{\"@id\":\"https:\\\/\\\/lukumees.com\\\/#website\"},\"primaryImageOfPage\":{\"@id\":\"https:\\\/\\\/lukumees.com\\\/?page_id=2#primaryimage\"},\"image\":{\"@id\":\"https:\\\/\\\/lukumees.com\\\/?page_id=2#primaryimage\"},\"thumbnailUrl\":\"https:\\\/\\\/lukumees.com\\\/wp-content\\\/uploads\\\/\\\/2026\\\/05\\\/G_profiil.jpg\",\"datePublished\":\"2019-05-03T18:36:23+00:00\",\"dateModified\":\"2026-05-08T12:32:08+00:00\",\"description\":\"Tutvuge Teie Lukumees O\u00dc-ga: \u00fcle 30-aastase kogemusega lukuettev\u00f5te Raplas, mida juhib Jaanus Neemsalu alates aastast 1995.\",\"breadcrumb\":{\"@id\":\"https:\\\/\\\/lukumees.com\\\/?page_id=2#breadcrumb\"},\"inLanguage\":\"et\",\"potentialAction\":[{\"@type\":\"ReadAction\",\"target\":[\"https:\\\/\\\/lukumees.com\\\/?page_id=2\"]}]},{\"@type\":\"ImageObject\",\"inLanguage\":\"et\",\"@id\":\"https:\\\/\\\/lukumees.com\\\/?page_id=2#primaryimage\",\"url\":\"https:\\\/\\\/i0.wp.com\\\/lukumees.com\\\/wp-content\\\/uploads\\\/\\\/2026\\\/05\\\/G_profiil.jpg?fit=288%2C288&ssl=1\",\"contentUrl\":\"https:\\\/\\\/i0.wp.com\\\/lukumees.com\\\/wp-content\\\/uploads\\\/\\\/2026\\\/05\\\/G_profiil.jpg?fit=288%2C288&ssl=1\",\"width\":288,\"height\":288,\"caption\":\"Lukumees\"},{\"@type\":\"BreadcrumbList\",\"@id\":\"https:\\\/\\\/lukumees.com\\\/?page_id=2#breadcrumb\",\"itemListElement\":[{\"@type\":\"ListItem\",\"position\":1,\"name\":\"Home\",\"item\":\"https:\\\/\\\/lukumees.com\\\/\"},{\"@type\":\"ListItem\",\"position\":2,\"name\":\"Ettev\u00f5ttest.\"}]},{\"@type\":\"WebSite\",\"@id\":\"https:\\\/\\\/lukumees.com\\\/#website\",\"url\":\"https:\\\/\\\/lukumees.com\\\/\",\"name\":\"Teie Lukumees- lukumees.com\",\"description\":\"Lukut\u00f6\u00f6d ja lukuabi Raplas ja Tallinnas\",\"publisher\":{\"@id\":\"https:\\\/\\\/lukumees.com\\\/#organization\"},\"potentialAction\":[{\"@type\":\"SearchAction\",\"target\":{\"@type\":\"EntryPoint\",\"urlTemplate\":\"https:\\\/\\\/lukumees.com\\\/?s={search_term_string}\"},\"query-input\":{\"@type\":\"PropertyValueSpecification\",\"valueRequired\":true,\"valueName\":\"search_term_string\"}}],\"inLanguage\":\"et\"},{\"@type\":\"Organization\",\"@id\":\"https:\\\/\\\/lukumees.com\\\/#organization\",\"name\":\"Teie Lukumees- lukumees.com\",\"url\":\"https:\\\/\\\/lukumees.com\\\/\",\"logo\":{\"@type\":\"ImageObject\",\"inLanguage\":\"et\",\"@id\":\"https:\\\/\\\/lukumees.com\\\/#\\\/schema\\\/logo\\\/image\\\/\",\"url\":\"https:\\\/\\\/i0.wp.com\\\/lukumees.com\\\/wp-content\\\/uploads\\\/\\\/2019\\\/04\\\/cropped-Logo_lisatekstiga-1.jpg?fit=436%2C188&ssl=1\",\"contentUrl\":\"https:\\\/\\\/i0.wp.com\\\/lukumees.com\\\/wp-content\\\/uploads\\\/\\\/2019\\\/04\\\/cropped-Logo_lisatekstiga-1.jpg?fit=436%2C188&ssl=1\",\"width\":436,\"height\":188,\"caption\":\"Teie Lukumees- lukumees.com\"},\"image\":{\"@id\":\"https:\\\/\\\/lukumees.com\\\/#\\\/schema\\\/logo\\\/image\\\/\"},\"sameAs\":[\"https:\\\/\\\/www.facebook.com\\\/lukumees\\\/\"]}]}<\/script>\n<!-- \/ Yoast SEO plugin. -->","yoast_head_json":{"title":"Ettev\u00f5ttest \u2013 Teie Lukumees O\u00dc lukuteenused Raplas","description":"Tutvuge Teie Lukumees O\u00dc-ga: \u00fcle 30-aastase kogemusega lukuettev\u00f5te Raplas, mida juhib Jaanus Neemsalu alates aastast 1995.","robots":{"index":"index","follow":"follow","max-snippet":"max-snippet:-1","max-image-preview":"max-image-preview:large","max-video-preview":"max-video-preview:-1"},"canonical":"https:\/\/lukumees.com\/?page_id=2","og_locale":"et_EE","og_type":"article","og_title":"Ettev\u00f5ttest \u2013 Teie Lukumees O\u00dc lukuteenused Raplas","og_description":"Tutvuge Teie Lukumees O\u00dc-ga: \u00fcle 30-aastase kogemusega lukuettev\u00f5te Raplas, mida juhib Jaanus Neemsalu alates aastast 1995.","og_url":"https:\/\/lukumees.com\/?page_id=2","og_site_name":"Teie Lukumees- lukumees.com","article_publisher":"https:\/\/www.facebook.com\/lukumees\/","article_modified_time":"2026-05-08T12:32:08+00:00","og_image":[{"url":"https:\/\/lukumees.com\/wp-content\/uploads\/\/2026\/05\/G_profiil.jpg","type":"","width":"","height":""}],"twitter_card":"summary_large_image","twitter_misc":{"Est. reading time":"1 minut"},"schema":{"@context":"https:\/\/schema.org","@graph":[{"@type":"WebPage","@id":"https:\/\/lukumees.com\/?page_id=2","url":"https:\/\/lukumees.com\/?page_id=2","name":"Ettev\u00f5ttest \u2013 Teie Lukumees O\u00dc lukuteenused Raplas","isPartOf":{"@id":"https:\/\/lukumees.com\/#website"},"primaryImageOfPage":{"@id":"https:\/\/lukumees.com\/?page_id=2#primaryimage"},"image":{"@id":"https:\/\/lukumees.com\/?page_id=2#primaryimage"},"thumbnailUrl":"https:\/\/lukumees.com\/wp-content\/uploads\/\/2026\/05\/G_profiil.jpg","datePublished":"2019-05-03T18:36:23+00:00","dateModified":"2026-05-08T12:32:08+00:00","description":"Tutvuge Teie Lukumees O\u00dc-ga: \u00fcle 30-aastase kogemusega lukuettev\u00f5te Raplas, mida juhib Jaanus Neemsalu alates aastast 1995.","breadcrumb":{"@id":"https:\/\/lukumees.com\/?page_id=2#breadcrumb"},"inLanguage":"et","potentialAction":[{"@type":"ReadAction","target":["https:\/\/lukumees.com\/?page_id=2"]}]},{"@type":"ImageObject","inLanguage":"et","@id":"https:\/\/lukumees.com\/?page_id=2#primaryimage","url":"https:\/\/i0.wp.com\/lukumees.com\/wp-content\/uploads\/\/2026\/05\/G_profiil.jpg?fit=288%2C288&ssl=1","contentUrl":"https:\/\/i0.wp.com\/lukumees.com\/wp-content\/uploads\/\/2026\/05\/G_profiil.jpg?fit=288%2C288&ssl=1","width":288,"height":288,"caption":"Lukumees"},{"@type":"BreadcrumbList","@id":"https:\/\/lukumees.com\/?page_id=2#breadcrumb","itemListElement":[{"@type":"ListItem","position":1,"name":"Home","item":"https:\/\/lukumees.com\/"},{"@type":"ListItem","position":2,"name":"Ettev\u00f5ttest."}]},{"@type":"WebSite","@id":"https:\/\/lukumees.com\/#website","url":"https:\/\/lukumees.com\/","name":"Teie Lukumees- lukumees.com","description":"Lukut\u00f6\u00f6d ja lukuabi Raplas ja Tallinnas","publisher":{"@id":"https:\/\/lukumees.com\/#organization"},"potentialAction":[{"@type":"SearchAction","target":{"@type":"EntryPoint","urlTemplate":"https:\/\/lukumees.com\/?s={search_term_string}"},"query-input":{"@type":"PropertyValueSpecification","valueRequired":true,"valueName":"search_term_string"}}],"inLanguage":"et"},{"@type":"Organization","@id":"https:\/\/lukumees.com\/#organization","name":"Teie Lukumees- lukumees.com","url":"https:\/\/lukumees.com\/","logo":{"@type":"ImageObject","inLanguage":"et","@id":"https:\/\/lukumees.com\/#\/schema\/logo\/image\/","url":"https:\/\/i0.wp.com\/lukumees.com\/wp-content\/uploads\/\/2019\/04\/cropped-Logo_lisatekstiga-1.jpg?fit=436%2C188&ssl=1","contentUrl":"https:\/\/i0.wp.com\/lukumees.com\/wp-content\/uploads\/\/2019\/04\/cropped-Logo_lisatekstiga-1.jpg?fit=436%2C188&ssl=1","width":436,"height":188,"caption":"Teie Lukumees- lukumees.com"},"image":{"@id":"https:\/\/lukumees.com\/#\/schema\/logo\/image\/"},"sameAs":["https:\/\/www.facebook.com\/lukumees\/"]}]}},"jetpack_sharing_enabled":true,"_links":{"self":[{"href":"https:\/\/lukumees.com\/index.php?rest_route=\/wp\/v2\/pages\/2","targetHints":{"allow":["GET"]}}],"collection":[{"href":"https:\/\/lukumees.com\/index.php?rest_route=\/wp\/v2\/pages"}],"about":[{"href":"https:\/\/lukumees.com\/index.php?rest_route=\/wp\/v2\/types\/page"}],"author":[{"embeddable":true,"href":"https:\/\/lukumees.com\/index.php?rest_route=\/wp\/v2\/users\/1"}],"replies":[{"embeddable":true,"href":"https:\/\/lukumees.com\/index.php?rest_route=%2Fwp%2Fv2%2Fcomments&post=2"}],"version-history":[{"count":21,"href":"https:\/\/lukumees.com\/index.php?rest_route=\/wp\/v2\/pages\/2\/revisions"}],"predecessor-version":[{"id":379,"href":"https:\/\/lukumees.com\/index.php?rest_route=\/wp\/v2\/pages\/2\/revisions\/379"}],"wp:attachment":[{"href":"https:\/\/lukumees.com\/index.php?rest_route=%2Fwp%2Fv2%2Fmedia&parent=2"}],"curies":[{"name":"wp","href":"https:\/\/api.w.org\/{rel}","templated":true}]}}